{"id":36,"date":"2025-01-06T21:08:26","date_gmt":"2025-01-06T21:08:26","guid":{"rendered":"https:\/\/horseinbalance.sh\/wordpress\/index.php\/home\/"},"modified":"2025-04-10T09:41:38","modified_gmt":"2025-04-10T09:41:38","slug":"home","status":"publish","type":"page","link":"https:\/\/tierosteopathie.sh\/","title":{"rendered":"Home"},"content":{"rendered":"<h1>Wo Ihr Tier im Mittelpunkt steht!<\/h1>\n<p>\t\t\t\t\t<a href=\"tel:+4915792365314\"><br \/>\n\t\t\t\t\t\t\t\t\tAnrufen<br \/>\n\t\t\t\t\t<\/a><\/p>\n<h2>\nOsteopathie<br \/>\nund<br \/>\nPhysiotherapie f\u00fcr Tiere<\/h2>\n<p>Gesunde Bewegung erm\u00f6glichen, erhalten und trainieren.<\/p>\n<p style=\"text-align: center;\">Herzlich Willkommen,<\/p>\n<p style=\"text-align: center; padding-left: 40px;\">ich freue mich sehr, dass Sie den Weg zu mir gefunden haben.<br \/>F\u00fcr mich sind Tiere geliebte Familienmitglieder und treue Begleiter. Daher liegt mir die Gesundheit und dessen Wohlergehen besonders am Herzen. Physische und psychische Blockaden kann ich durch die sanften Techniken der Osteopathie l\u00f6sen &#8211; egal ob Pferd oder Hund.<\/p>\n<p style=\"text-align: center; padding-left: 40px;\">Ich freue mich darauf, Sie und besonders Ihr Tier kennenzulernen.<\/p>\n<h2>Therapieangebote<\/h2>\n<h5>This text briefly introduces your main services to your visitors.<\/h5>\n<p>\t\t\t\t\t\t\t\t\t<svg viewBox=\"0 0 576 512\" xmlns=\"http:\/\/www.w3.org\/2000\/svg\"><path d=\"M275.3 250.5c7 7.4 18.4 7.4 25.5 0l108.9-114.2c31.6-33.2 29.8-88.2-5.6-118.8-30.8-26.7-76.7-21.9-104.9 7.7L288 36.9l-11.1-11.6C248.7-4.4 202.8-9.2 172 17.5c-35.3 30.6-37.2 85.6-5.6 118.8l108.9 114.2zm290 77.6c-11.8-10.7-30.2-10-42.6 0L430.3 402c-11.3 9.1-25.4 14-40 14H272c-8.8 0-16-7.2-16-16s7.2-16 16-16h78.3c15.9 0 30.7-10.9 33.3-26.6 3.3-20-12.1-37.4-31.6-37.4H192c-27 0-53.1 9.3-74.1 26.3L71.4 384H16c-8.8 0-16 7.2-16 16v96c0 8.8 7.2 16 16 16h356.8c14.5 0 28.6-4.9 40-14L564 377c15.2-12.1 16.4-35.3 1.3-48.9z\"><\/path><\/svg>\t\t\t\t\t\t\t\t<\/p>\n<h3>\n\t\t\t\t\t\t\t\tOsteopathie\t\t\t\t\t\t\t<\/h3>\n<p>\t\t\t\t\t\t\tDie Osteopathie ist eine rein manuelle Therapieform und z\u00e4hlt zu den ganzheitlichen Bewegungstherapien.<br \/>\n\t\t\t\t\t\t\t\t\t\t\t<a href=\"https:\/\/horseinbalance.sh\/wordpress\/index.php\/elementor-seite-114\/\"><br \/>\n\t\t\t\t\t\t\tMehr\t\t\t\t\t\t<\/a><br \/>\n\t\t\t\t\t\t\t\t\t<svg viewBox=\"0 0 448 512\" xmlns=\"http:\/\/www.w3.org\/2000\/svg\"><path d=\"M408.781 128.007C386.356 127.578 368 146.36 368 168.79V256h-8V79.79c0-22.43-18.356-41.212-40.781-40.783C297.488 39.423 280 57.169 280 79v177h-8V40.79C272 18.36 253.644-.422 231.219.007 209.488.423 192 18.169 192 40v216h-8V80.79c0-22.43-18.356-41.212-40.781-40.783C121.488 40.423 104 58.169 104 80v235.992l-31.648-43.519c-12.993-17.866-38.009-21.817-55.877-8.823-17.865 12.994-21.815 38.01-8.822 55.877l125.601 172.705A48 48 0 0 0 172.073 512h197.59c22.274 0 41.622-15.324 46.724-37.006l26.508-112.66a192.011 192.011 0 0 0 5.104-43.975V168c.001-21.831-17.487-39.577-39.218-39.993z\"><\/path><\/svg>\t\t\t\t\t\t\t\t<\/p>\n<h3>\n\t\t\t\t\t\t\t\tPhysiotherapie\t\t\t\t\t\t\t<\/h3>\n<p>\t\t\t\t\t\t\tPhysiotherapie hat das Ziel die volle Bewegungsf\u00e4higkeit und Funktionalit\u00e4t des K\u00f6rpers herzustellen.<br \/>\n\t\t\t\t\t\t\t\t\t\t\t<a href=\"https:\/\/horseinbalance.sh\/wordpress\/index.php\/elementor-seite-114\/\"><br \/>\n\t\t\t\t\t\t\tmehr\t\t\t\t\t\t<\/a><\/p>\n<h3>\n\t\t\t\t\t\t\t\tAkupunktur  TCM\t\t\t\t\t\t\t<\/h3>\n<p>\t\t\t\t\t\t\tDer gezielt gesetzte Reiz an den Akupunkturpunkten kann Blockaden l\u00f6sen, Schmerzen lindern, Funktionen von Organen, aber auch Muskeln, Haut und Sehnen beeinflussen.<br \/>\n\t\t\t\t\t\t\t\t\t\t\t<a href=\"https:\/\/horseinbalance.sh\/wordpress\/index.php\/elementor-seite-114\/\"><br \/>\n\t\t\t\t\t\t\tMehr\t\t\t\t\t\t<\/a><br \/>\n\t\t\t\t\t\t\t\t\t<svg viewBox=\"0 0 640 512\" xmlns=\"http:\/\/www.w3.org\/2000\/svg\"><path d=\"M224 192c-35.3 0-64 28.7-64 64s28.7 64 64 64 64-28.7 64-64-28.7-64-64-64zm400 224H380.6c41.5-40.7 67.4-97.3 67.4-160 0-123.7-100.3-224-224-224S0 132.3 0 256s100.3 224 224 224h400c8.8 0 16-7.2 16-16v-32c0-8.8-7.2-16-16-16zm-400-64c-53 0-96-43-96-96s43-96 96-96 96 43 96 96-43 96-96 96z\"><\/path><\/svg>\t\t\t\t\t\t\t\t<\/p>\n<h3>\n\t\t\t\t\t\t\t\tKinesio-Tape\t\t\t\t\t\t\t<\/h3>\n<p>\t\t\t\t\t\t\tDas Taping ist eine unterst\u00fctzende Therapieform.<br \/>\n\t\t\t\t\t\t\t\t\t\t\t<a href=\"https:\/\/horseinbalance.sh\/wordpress\/index.php\/elementor-seite-114\/\"><br \/>\n\t\t\t\t\t\t\tMehr\t\t\t\t\t\t<\/a><\/p>\n<h3>\n\t\t\t\t\t\t\t\tDry-Needling\t\t\t\t\t\t\t<\/h3>\n<p>\t\t\t\t\t\t\tDry Needling ist eine hocheffektive Behandlung von myofaszialen Triggerpunkten mit Hilfe von Akupunkturnadeln.<br \/>\n\t\t\t\t\t\t\t\t\t\t\t<a href=\"https:\/\/horseinbalance.sh\/wordpress\/index.php\/elementor-seite-114\/\"><br \/>\n\t\t\t\t\t\t\tmehr\t\t\t\t\t\t<\/a><br \/>\n\t\t\t\t\t\t\t\t\t<svg viewBox=\"0 0 512 512\" xmlns=\"http:\/\/www.w3.org\/2000\/svg\"><path d=\"M464 128h-80V80c0-26.5-21.5-48-48-48H176c-26.5 0-48 21.5-48 48v48H48c-26.5 0-48 21.5-48 48v288c0 26.5 21.5 48 48 48h416c26.5 0 48-21.5 48-48V176c0-26.5-21.5-48-48-48zM192 96h128v32H192V96zm160 248c0 4.4-3.6 8-8 8h-56v56c0 4.4-3.6 8-8 8h-48c-4.4 0-8-3.6-8-8v-56h-56c-4.4 0-8-3.6-8-8v-48c0-4.4 3.6-8 8-8h56v-56c0-4.4 3.6-8 8-8h48c4.4 0 8 3.6 8 8v56h56c4.4 0 8 3.6 8 8v48z\"><\/path><\/svg>\t\t\t\t\t\t\t\t<\/p>\n<h3>\n\t\t\t\t\t\t\t\tBlutegeltherapie\t\t\t\t\t\t\t<\/h3>\n<p>\t\t\t\t\t\t\tDie Blutegeltherapie ist eine der \u00e4ltesten Naturheilverfahren mit Jahrtausende alter Erfahrung und Tradition.<br \/>\n\t\t\t\t\t\t\t\t\t\t\t<a href=\"https:\/\/horseinbalance.sh\/wordpress\/index.php\/elementor-seite-114\/\"><br \/>\n\t\t\t\t\t\t\tMehr\t\t\t\t\t\t<\/a><\/p>\n<p>Tierosteopathie Marlen Morsdorf\u00a0 \u00a0 \u00a0\u2022\u00a0 \u00a0 Tel. 0157\/92365314\u00a0 \u00a0 \u2022\u00a0 \u00a0 Tannenhof 4,\u00a0 24640 Hasenmoor\u00a0 \u00a0 \u2022 \u00a0 <a href=\"mailto:kontakt@tierosteopathie.sh\">kontakt@tierosteopathie.sh<\/a><\/p>\n","protected":false},"excerpt":{"rendered":"<p>Wo Ihr Tier im Mittelpunkt steht! Anrufen Osteopathie und Physiotherapie f\u00fcr Tiere Gesunde Bewegung erm\u00f6glichen, erhalten und trainieren. Herzlich Willkommen, ich freue mich sehr, dass Sie den Weg zu mir gefunden haben.F\u00fcr mich sind Tiere geliebte Familienmitglieder und treue Begleiter. Daher liegt mir die Gesundheit und dessen Wohlergehen besonders am Herzen. Physische und psychische Blockaden [&hellip;]<\/p>\n","protected":false},"author":1,"featured_media":0,"parent":0,"menu_order":0,"comment_status":"closed","ping_status":"closed","template":"elementor_header_footer","meta":{"inline_featured_image":false,"footnotes":""},"class_list":["post-36","page","type-page","status-publish","hentry"],"_links":{"self":[{"href":"https:\/\/tierosteopathie.sh\/index.php\/wp-json\/wp\/v2\/pages\/36","targetHints":{"allow":["GET"]}}],"collection":[{"href":"https:\/\/tierosteopathie.sh\/index.php\/wp-json\/wp\/v2\/pages"}],"about":[{"href":"https:\/\/tierosteopathie.sh\/index.php\/wp-json\/wp\/v2\/types\/page"}],"author":[{"embeddable":true,"href":"https:\/\/tierosteopathie.sh\/index.php\/wp-json\/wp\/v2\/users\/1"}],"replies":[{"embeddable":true,"href":"https:\/\/tierosteopathie.sh\/index.php\/wp-json\/wp\/v2\/comments?post=36"}],"version-history":[{"count":88,"href":"https:\/\/tierosteopathie.sh\/index.php\/wp-json\/wp\/v2\/pages\/36\/revisions"}],"predecessor-version":[{"id":429,"href":"https:\/\/tierosteopathie.sh\/index.php\/wp-json\/wp\/v2\/pages\/36\/revisions\/429"}],"wp:attachment":[{"href":"https:\/\/tierosteopathie.sh\/index.php\/wp-json\/wp\/v2\/media?parent=36"}],"curies":[{"name":"wp","href":"https:\/\/api.w.org\/{rel}","templated":true}]}}